{"id":960,"date":"2015-07-08T09:08:00","date_gmt":"2015-07-08T06:08:00","guid":{"rendered":"http:\/\/www.sorbilene.com\/blog\/blog\/?page_id=960"},"modified":"2025-07-05T12:36:54","modified_gmt":"2025-07-05T09:36:54","slug":"forum","status":"publish","type":"page","link":"https:\/\/www.sorbilene.com\/blog\/forum\/","title":{"rendered":"Forum"},"content":{"rendered":"<div class=\"entry\">\n\n<p style=\"padding-left: 80px;\">Forum Sayfam\u0131za Gitmek i\u00e7in <a href=\"https:\/\/www.sorbilene.com\/forum\/\">t\u0131klay\u0131n\u0131z<\/a>.<\/p>\n\n\n<p><\/p>\n\n\n<\/div>","protected":false},"excerpt":{"rendered":"<p>Forum Sayfam\u0131za Gitmek i\u00e7in t\u0131klay\u0131n\u0131z.<\/p>\n","protected":false},"author":1,"featured_media":0,"parent":0,"menu_order":4,"comment_status":"open","ping_status":"open","template":"","meta":{"om_disable_all_campaigns":false,"_monsterinsights_skip_tracking":false,"_monsterinsights_sitenote_active":false,"_monsterinsights_sitenote_note":"","_monsterinsights_sitenote_category":0,"footnotes":""},"class_list":["post-960","page","type-page","status-publish"],"aioseo_notices":[],"_links":{"self":[{"href":"https:\/\/www.sorbilene.com\/blog\/wp-json\/wp\/v2\/pages\/960","targetHints":{"allow":["GET"]}}],"collection":[{"href":"https:\/\/www.sorbilene.com\/blog\/wp-json\/wp\/v2\/pages"}],"about":[{"href":"https:\/\/www.sorbilene.com\/blog\/wp-json\/wp\/v2\/types\/page"}],"author":[{"embeddable":true,"href":"https:\/\/www.sorbilene.com\/blog\/wp-json\/wp\/v2\/users\/1"}],"replies":[{"embeddable":true,"href":"https:\/\/www.sorbilene.com\/blog\/wp-json\/wp\/v2\/comments?post=960"}],"version-history":[{"count":3,"href":"https:\/\/www.sorbilene.com\/blog\/wp-json\/wp\/v2\/pages\/960\/revisions"}],"predecessor-version":[{"id":3455,"href":"https:\/\/www.sorbilene.com\/blog\/wp-json\/wp\/v2\/pages\/960\/revisions\/3455"}],"wp:attachment":[{"href":"https:\/\/www.sorbilene.com\/blog\/wp-json\/wp\/v2\/media?parent=960"}],"curies":[{"name":"wp","href":"https:\/\/api.w.org\/{rel}","templated":true}]}}